{"id":457,"date":"2023-11-07T15:14:13","date_gmt":"2023-11-07T15:14:13","guid":{"rendered":"http:\/\/academica.fcejs.unsl.edu.ar\/?page_id=457"},"modified":"2025-12-23T14:46:22","modified_gmt":"2025-12-23T14:46:22","slug":"requisitos-inscripcion","status":"publish","type":"page","link":"https:\/\/academica.fcejs.unsl.edu.ar\/index.php\/requisitos-inscripcion\/","title":{"rendered":"Requisitos Inscripci\u00f3n"},"content":{"rendered":"\t\t<div data-elementor-type=\"wp-post\" data-elementor-id=\"457\" class=\"elementor elementor-457\">\n\t\t\t\t\t\t<section class=\"elementor-section elementor-top-section elementor-element elementor-element-76b0187 elementor-section-boxed elementor-section-height-default elementor-section-height-default\" data-id=\"76b0187\" data-element_type=\"section\">\n\t\t\t\t\t\t<div class=\"elementor-container elementor-column-gap-default\">\n\t\t\t\t\t<div class=\"elementor-column elementor-col-100 elementor-top-column elementor-element elementor-element-678f917\" data-id=\"678f917\" data-element_type=\"column\">\n\t\t\t<div class=\"elementor-widget-wrap elementor-element-populated\">\n\t\t\t\t\t\t<div class=\"elementor-element elementor-element-a9a055d elementor-widget elementor-widget-text-editor\" data-id=\"a9a055d\" data-element_type=\"widget\" data-widget_type=\"text-editor.default\">\n\t\t\t\t<div class=\"elementor-widget-container\">\n\t\t\t\t\t\t\t\t\t<p><strong>Formulario de preinscripci\u00f3n <\/strong><\/p><p>Completo e impreso.<\/p><p><strong>\u00a0<\/strong><\/p><p><strong>Fotocopia del documento \u00fanico de identidad<\/strong><\/p><p>A color, del anverso y reverso del DNI formato tarjeta, con domicilio actualizado.<\/p><p><strong>\u00a0<\/strong><\/p><p><strong>Constancia de finalizaci\u00f3n de estudios secundarios<\/strong><\/p><p>Deb\u00e9s presentar copia del certificado anal\u00edtico que acredite la finalizaci\u00f3n del secundario, certificada por la Instituci\u00f3n educativa. En caso de que la instituci\u00f3n educativa no lo haya emitido, debes presentar la constancia de finalizaci\u00f3n del secundario o de anal\u00edtico en tr\u00e1mite. La\/el aspirante no podr\u00e1 adeudar m\u00e1s de tres materias del secundario, teniendo tiempo hasta el 31\/04 de presentar la constancia que acredite que no adeuda ninguna materia.<\/p><p><strong>Dos fotos 4\u00d74 tipo carnet.<\/strong><\/p><p><strong>\u00a0<\/strong><\/p><p><strong>Certificado de Buena Salud<\/strong><\/p><p>An\u00e1lisis cl\u00ednicos realizados en organismos p\u00fablicos o privados. HEMOGRAMA COMPLETO \u2013 VSG \u2013 ORINA COMPLETO \u2013 VDRL \u2013 UREMA MACHADO GUERREIRO \u2013 GRUPO Y FACTOR SANGUINEO \u2013 GLUCEMIA \u2013 COLESTEROL TOTAL \u2013 LDL COLESTEROL \u2013 TRIGUICERIDOS \u2013 CREATININA<\/p><p>ELECTROCARDIOGRAMA (Solo aquellos que vayan a realizar una disciplina deportiva).<\/p><p>\u00a0<\/p>\t\t\t\t\t\t\t\t<\/div>\n\t\t\t\t<\/div>\n\t\t\t\t\t<\/div>\n\t\t<\/div>\n\t\t\t\t\t<\/div>\n\t\t<\/section>\n\t\t\t\t<section class=\"elementor-section elementor-top-section elementor-element elementor-element-14b1d701 elementor-section-full_width elementor-section-height-default elementor-section-height-default\" data-id=\"14b1d701\" data-element_type=\"section\" data-settings=\"{&quot;background_background&quot;:&quot;classic&quot;}\">\n\t\t\t\t\t\t<div class=\"elementor-container elementor-column-gap-no\">\n\t\t\t\t\t<div class=\"elementor-column elementor-col-100 elementor-top-column elementor-element elementor-element-7fd51767\" data-id=\"7fd51767\" data-element_type=\"column\">\n\t\t\t<div class=\"elementor-widget-wrap elementor-element-populated\">\n\t\t\t\t\t\t<div class=\"elementor-element elementor-element-31efeeef elementor-widget elementor-widget-text-editor\" data-id=\"31efeeef\" data-element_type=\"widget\" data-widget_type=\"text-editor.default\">\n\t\t\t\t<div class=\"elementor-widget-container\">\n\t\t\t\t\t\t\t\t\t<p>El certificado de salud podr\u00e1 ser emitido por cualquier entidad de Salud P\u00fablica en cuyo caso deber\u00e1 ser visado por el <br \/>Centro de Salud Estudiantil de la UNSL o emitido por el Centro de Salud Estudiantil seg\u00fan sede:<\/p>\t\t\t\t\t\t\t\t<\/div>\n\t\t\t\t<\/div>\n\t\t\t\t<div class=\"elementor-element elementor-element-1e6f58c4 elementor-align-center elementor-widget elementor-widget-button\" data-id=\"1e6f58c4\" data-element_type=\"widget\" data-widget_type=\"button.default\">\n\t\t\t\t<div class=\"elementor-widget-container\">\n\t\t\t\t\t\t\t\t\t<div class=\"elementor-button-wrapper\">\n\t\t\t\t\t<a class=\"elementor-button elementor-button-link elementor-size-sm\" href=\"https:\/\/ssaebu.fcejs.unsl.edu.ar\/index.php\/cuse\/\" target=\"_blank\">\n\t\t\t\t\t\t<span class=\"elementor-button-content-wrapper\">\n\t\t\t\t\t\t\t\t\t<span class=\"elementor-button-text\">CENTRO UNIVERSITARIO DE SALUD ESTUDIANTIL VILLA MERCEDES<\/span>\n\t\t\t\t\t<\/span>\n\t\t\t\t\t<\/a>\n\t\t\t\t<\/div>\n\t\t\t\t\t\t\t\t<\/div>\n\t\t\t\t<\/div>\n\t\t\t\t\t<\/div>\n\t\t<\/div>\n\t\t\t\t\t<\/div>\n\t\t<\/section>\n\t\t\t\t<\/div>\n\t\t","protected":false},"excerpt":{"rendered":"<p>Formulario de preinscripci\u00f3n Completo e impreso. \u00a0 Fotocopia del documento \u00fanico de identidad A color, del anverso y reverso del DNI formato tarjeta, con domicilio&hellip;<\/p>\n","protected":false},"author":1,"featured_media":0,"parent":0,"menu_order":0,"comment_status":"closed","ping_status":"closed","template":"","meta":{"om_disable_all_campaigns":false,"_exactmetrics_skip_tracking":false,"_exactmetrics_sitenote_active":false,"_exactmetrics_sitenote_note":"","_exactmetrics_sitenote_category":0,"_uf_show_specific_survey":0,"_uf_disable_surveys":false,"footnotes":""},"class_list":["post-457","page","type-page","status-publish","hentry"],"_links":{"self":[{"href":"https:\/\/academica.fcejs.unsl.edu.ar\/index.php\/wp-json\/wp\/v2\/pages\/457","targetHints":{"allow":["GET"]}}],"collection":[{"href":"https:\/\/academica.fcejs.unsl.edu.ar\/index.php\/wp-json\/wp\/v2\/pages"}],"about":[{"href":"https:\/\/academica.fcejs.unsl.edu.ar\/index.php\/wp-json\/wp\/v2\/types\/page"}],"author":[{"embeddable":true,"href":"https:\/\/academica.fcejs.unsl.edu.ar\/index.php\/wp-json\/wp\/v2\/users\/1"}],"replies":[{"embeddable":true,"href":"https:\/\/academica.fcejs.unsl.edu.ar\/index.php\/wp-json\/wp\/v2\/comments?post=457"}],"version-history":[{"count":28,"href":"https:\/\/academica.fcejs.unsl.edu.ar\/index.php\/wp-json\/wp\/v2\/pages\/457\/revisions"}],"predecessor-version":[{"id":987,"href":"https:\/\/academica.fcejs.unsl.edu.ar\/index.php\/wp-json\/wp\/v2\/pages\/457\/revisions\/987"}],"wp:attachment":[{"href":"https:\/\/academica.fcejs.unsl.edu.ar\/index.php\/wp-json\/wp\/v2\/media?parent=457"}],"curies":[{"name":"wp","href":"https:\/\/api.w.org\/{rel}","templated":true}]}}