{"id":530,"date":"2023-11-08T11:45:03","date_gmt":"2023-11-08T11:45:03","guid":{"rendered":"http:\/\/academica.fcejs.unsl.edu.ar\/?page_id=530"},"modified":"2024-11-19T14:49:32","modified_gmt":"2024-11-19T14:49:32","slug":"contactos","status":"publish","type":"page","link":"https:\/\/academica.fcejs.unsl.edu.ar\/index.php\/contactos\/","title":{"rendered":"Contactos"},"content":{"rendered":"\t\t<div data-elementor-type=\"wp-post\" data-elementor-id=\"530\" class=\"elementor elementor-530\">\n\t\t\t\t\t\t<section class=\"elementor-section elementor-top-section elementor-element elementor-element-76b0187 elementor-section-boxed elementor-section-height-default elementor-section-height-default\" data-id=\"76b0187\" data-element_type=\"section\">\n\t\t\t\t\t\t<div class=\"elementor-container elementor-column-gap-default\">\n\t\t\t\t\t<div class=\"elementor-column elementor-col-100 elementor-top-column elementor-element elementor-element-678f917\" data-id=\"678f917\" data-element_type=\"column\">\n\t\t\t<div class=\"elementor-widget-wrap elementor-element-populated\">\n\t\t\t\t\t\t<div class=\"elementor-element elementor-element-a9a055d elementor-widget elementor-widget-text-editor\" data-id=\"a9a055d\" data-element_type=\"widget\" data-widget_type=\"text-editor.default\">\n\t\t\t\t<div class=\"elementor-widget-container\">\n\t\t\t\t\t\t\t\t\t<section class=\"elementor-section elementor-top-section elementor-element elementor-element-183aa547 elementor-section-boxed elementor-section-height-default elementor-section-height-default\" data-id=\"183aa547\" data-element_type=\"section\" data-settings=\"{&quot;background_background&quot;:&quot;classic&quot;,&quot;shape_divider_top&quot;:&quot;triangle&quot;}\"><div class=\"elementor-container elementor-column-gap-default\"><div class=\"elementor-column elementor-col-100 elementor-top-column elementor-element elementor-element-4f3a7d5f\" data-id=\"4f3a7d5f\" data-element_type=\"column\"><div class=\"elementor-widget-wrap elementor-element-populated\"><div class=\"elementor-element elementor-element-62fbfc3b elementor-widget elementor-widget-heading\" data-id=\"62fbfc3b\" data-element_type=\"widget\" data-widget_type=\"heading.default\"><div class=\"elementor-widget-container\"><h2 class=\"elementor-heading-title elementor-size-default\"><span style=\"color: #000000;\"><strong>Contactos<\/strong><\/span><\/h2><\/div><\/div><\/div><\/div><\/div><\/section><section class=\"elementor-section elementor-top-section elementor-element elementor-element-162b606 elementor-section-boxed elementor-section-height-default elementor-section-height-default\" data-id=\"162b606\" data-element_type=\"section\" data-settings=\"{&quot;background_background&quot;:&quot;classic&quot;,&quot;shape_divider_top&quot;:&quot;triangle&quot;}\"><div class=\"elementor-container elementor-column-gap-default\"><div class=\"elementor-column elementor-col-100 elementor-top-column elementor-element elementor-element-16235dbf\" data-id=\"16235dbf\" data-element_type=\"column\"><div class=\"elementor-widget-wrap elementor-element-populated\"><section class=\"elementor-section elementor-inner-section elementor-element elementor-element-2d96cf20 elementor-section-content-top elementor-section-boxed elementor-section-height-default elementor-section-height-default\" data-id=\"2d96cf20\" data-element_type=\"section\" data-settings=\"{&quot;background_background&quot;:&quot;classic&quot;}\"><div class=\"elementor-container elementor-column-gap-default\"><div class=\"elementor-column elementor-col-100 elementor-inner-column elementor-element elementor-element-463d1cae\" data-id=\"463d1cae\" data-element_type=\"column\"><div class=\"elementor-widget-wrap elementor-element-populated\"><div class=\"elementor-element elementor-element-5b7bbdc4 elementor-widget elementor-widget-text-editor\" data-id=\"5b7bbdc4\" data-element_type=\"widget\" data-widget_type=\"text-editor.default\"><div class=\"elementor-widget-container\"><h3>Direcci\u00f3n:\u00a0<\/h3><ul><li>Campus Universitario: Ruta Prov. N\u00ba 55 (Ex. 148) Extremo Norte<\/li><\/ul><h3>Tel\u00e9fono:\u00a0<\/h3><ul><li>02657-531000<\/li><li>Departamento de Alumnos: Interno 7258<\/li><li>Secretar\u00eda Acad\u00e9mica: Interno 7181<\/li><li>Comunicaci\u00f3n directa 531059<\/li><\/ul><h3>Correo electr\u00f3nico:\u00a0<\/h3><ul><li>ingreso.fcejs@gmail.com<\/li><\/ul><\/div><\/div><\/div><\/div><\/div><\/section><\/div><\/div><\/div><\/section>\t\t\t\t\t\t\t\t<\/div>\n\t\t\t\t<\/div>\n\t\t\t\t\t<\/div>\n\t\t<\/div>\n\t\t\t\t\t<\/div>\n\t\t<\/section>\n\t\t\t\t<section class=\"elementor-section elementor-top-section elementor-element elementor-element-d53b4df elementor-section-boxed elementor-section-height-default elementor-section-height-default\" data-id=\"d53b4df\" data-element_type=\"section\">\n\t\t\t\t\t\t<div class=\"elementor-container elementor-column-gap-default\">\n\t\t\t\t\t<div class=\"elementor-column elementor-col-100 elementor-top-column elementor-element elementor-element-28cf05c\" data-id=\"28cf05c\" data-element_type=\"column\">\n\t\t\t<div class=\"elementor-widget-wrap elementor-element-populated\">\n\t\t\t\t\t\t<div class=\"elementor-element elementor-element-847dd5b elementor-widget elementor-widget-html\" data-id=\"847dd5b\" data-element_type=\"widget\" data-widget_type=\"html.default\">\n\t\t\t\t<div class=\"elementor-widget-container\">\n\t\t\t\t\t<iframe src=\"https:\/\/www.google.com\/maps\/embed?pb=!1m14!1m8!1m3!1d26571.994335703057!2d-65.44771020612129!3d-33.64422249746403!3m2!1i1024!2i768!4f13.1!3m3!1m2!1s0x95d16a3c30daa4d1%3A0x91dc1a6482bf473d!2sFacultad%20de%20Ciencias%20Econ%C3%B3micas%2C%20Jur%C3%ADdicas%20y%20Sociales%20-%20UNSL!5e0!3m2!1ses-419!2sus!4v1732027716436!5m2!1ses-419!2sus\" width=\"800\" height=\"600\" style=\"border:0;\" allowfullscreen=\"\" loading=\"lazy\" referrerpolicy=\"no-referrer-when-downgrade\"><\/iframe>\t\t\t\t<\/div>\n\t\t\t\t<\/div>\n\t\t\t\t\t<\/div>\n\t\t<\/div>\n\t\t\t\t\t<\/div>\n\t\t<\/section>\n\t\t\t\t<\/div>\n\t\t","protected":false},"excerpt":{"rendered":"<p>Contactos Direcci\u00f3n:\u00a0 Campus Universitario: Ruta Prov. N\u00ba 55 (Ex. 148) Extremo Norte Tel\u00e9fono:\u00a0 02657-531000 Departamento de Alumnos: Interno 7258 Secretar\u00eda Acad\u00e9mica: Interno 7181 Comunicaci\u00f3n directa&hellip;<\/p>\n","protected":false},"author":1,"featured_media":0,"parent":0,"menu_order":0,"comment_status":"closed","ping_status":"closed","template":"","meta":{"om_disable_all_campaigns":false,"_exactmetrics_skip_tracking":false,"_exactmetrics_sitenote_active":false,"_exactmetrics_sitenote_note":"","_exactmetrics_sitenote_category":0,"_uf_show_specific_survey":0,"_uf_disable_surveys":false,"footnotes":""},"class_list":["post-530","page","type-page","status-publish","hentry"],"_links":{"self":[{"href":"https:\/\/academica.fcejs.unsl.edu.ar\/index.php\/wp-json\/wp\/v2\/pages\/530","targetHints":{"allow":["GET"]}}],"collection":[{"href":"https:\/\/academica.fcejs.unsl.edu.ar\/index.php\/wp-json\/wp\/v2\/pages"}],"about":[{"href":"https:\/\/academica.fcejs.unsl.edu.ar\/index.php\/wp-json\/wp\/v2\/types\/page"}],"author":[{"embeddable":true,"href":"https:\/\/academica.fcejs.unsl.edu.ar\/index.php\/wp-json\/wp\/v2\/users\/1"}],"replies":[{"embeddable":true,"href":"https:\/\/academica.fcejs.unsl.edu.ar\/index.php\/wp-json\/wp\/v2\/comments?post=530"}],"version-history":[{"count":7,"href":"https:\/\/academica.fcejs.unsl.edu.ar\/index.php\/wp-json\/wp\/v2\/pages\/530\/revisions"}],"predecessor-version":[{"id":777,"href":"https:\/\/academica.fcejs.unsl.edu.ar\/index.php\/wp-json\/wp\/v2\/pages\/530\/revisions\/777"}],"wp:attachment":[{"href":"https:\/\/academica.fcejs.unsl.edu.ar\/index.php\/wp-json\/wp\/v2\/media?parent=530"}],"curies":[{"name":"wp","href":"https:\/\/api.w.org\/{rel}","templated":true}]}}